{"id":32,"date":"2023-11-03T05:07:45","date_gmt":"2023-11-03T04:07:45","guid":{"rendered":"https:\/\/steelblue-dotterel-416190.hostingersite.com\/?page_id=32"},"modified":"2025-11-03T03:11:53","modified_gmt":"2025-11-03T02:11:53","slug":"nosotros","status":"publish","type":"page","link":"https:\/\/espaciosuz.com\/index.php\/nosotros\/","title":{"rendered":"NOSOTROS"},"content":{"rendered":"\t\t<div data-elementor-type=\"wp-page\" data-elementor-id=\"32\" class=\"elementor elementor-32\" data-elementor-post-type=\"page\">\n\t\t\t\t<div class=\"elementor-element elementor-element-43c6b76 e-flex e-con-boxed e-con e-parent\" data-id=\"43c6b76\" data-element_type=\"container\" data-settings=\"{&quot;background_background&quot;:&quot;classic&quot;}\">\n\t\t\t\t\t<div class=\"e-con-inner\">\n\t\t<div class=\"elementor-element elementor-element-bcd0fb7 e-con-full e-flex e-con e-child\" data-id=\"bcd0fb7\" data-element_type=\"container\">\n\t\t\t\t<div class=\"elementor-element elementor-element-5c8bff4 elementor-widget elementor-widget-heading\" data-id=\"5c8bff4\" data-element_type=\"widget\" data-widget_type=\"heading.default\">\n\t\t\t\t<div class=\"elementor-widget-container\">\n\t\t\t\t\t<h1 class=\"elementor-heading-title elementor-size-default\">Nosotros<\/h1>\t\t\t\t<\/div>\n\t\t\t\t<\/div>\n\t\t\t\t<\/div>\n\t\t\t\t\t<\/div>\n\t\t\t\t<\/div>\n\t\t<div class=\"elementor-element elementor-element-ad8c0cf e-flex e-con-boxed e-con e-parent\" data-id=\"ad8c0cf\" data-element_type=\"container\">\n\t\t\t\t\t<div class=\"e-con-inner\">\n\t\t\t\t<div class=\"elementor-element elementor-element-0b294a1 elementor-widget elementor-widget-text-editor\" data-id=\"0b294a1\" data-element_type=\"widget\" data-widget_type=\"text-editor.default\">\n\t\t\t\t<div class=\"elementor-widget-container\">\n\t\t\t\t\t\t\t\t\t<p data-start=\"210\" data-end=\"222\">\u00a0<\/p><p data-start=\"210\" data-end=\"222\"><strong>Misi\u00f3n<\/strong><\/p><p data-start=\"224\" data-end=\"657\">En <strong>EspacioSuz<\/strong>, nuestra misi\u00f3n es generar valor sostenible mediante inversiones estrat\u00e9gicas y la gesti\u00f3n profesional de activos en sectores clave como inmobiliario, financiero, tecnol\u00f3gico, transporte y log\u00edstica. Acompa\u00f1amos a nuestros clientes e inversores en cada etapa, ofreciendo soluciones confiables, rentables y adaptadas a sus objetivos, siempre con un compromiso de transparencia, excelencia y visi\u00f3n estrat\u00e9gica.<\/p><p data-start=\"659\" data-end=\"671\">\u00a0<\/p><p data-start=\"659\" data-end=\"671\"><strong>Visi\u00f3n<\/strong><\/p><p data-start=\"673\" data-end=\"1016\">Ser un referente en Espa\u00f1a, Europa y mercados internacionales en el \u00e1mbito de inversiones y gesti\u00f3n de activos. Aspiramos a consolidarnos como una firma reconocida por su innovaci\u00f3n, confianza y capacidad de transformar oportunidades en proyectos rentables y sostenibles que impulsen el crecimiento de nuestros clientes e inversores.<\/p>\t\t\t\t\t\t\t\t<\/div>\n\t\t\t\t<\/div>\n\t\t\t\t\t<\/div>\n\t\t\t\t<\/div>\n\t\t<div class=\"elementor-element elementor-element-bb96835 e-flex e-con-boxed e-con e-parent\" data-id=\"bb96835\" data-element_type=\"container\">\n\t\t\t\t\t<div class=\"e-con-inner\">\n\t\t\t\t<div class=\"elementor-element elementor-element-9f20874 elementor-widget elementor-widget-text-editor\" data-id=\"9f20874\" data-element_type=\"widget\" data-widget_type=\"text-editor.default\">\n\t\t\t\t<div class=\"elementor-widget-container\">\n\t\t\t\t\t\t\t\t\t<p style=\"text-align: center;\"><strong>Market Insights \u2013 Espa\u00f1a<\/strong><\/p><p style=\"text-align: center;\">Monitoreamos los principales indicadores econ\u00f3micos y financieros de Espa\u00f1a para apoyar decisiones estrat\u00e9gicas y el crecimiento sostenible en el mercado local.<\/p>\t\t\t\t\t\t\t\t<\/div>\n\t\t\t\t<\/div>\n\t\t\t\t<div class=\"elementor-element elementor-element-495e2ad elementor-widget elementor-widget-html\" data-id=\"495e2ad\" data-element_type=\"widget\" data-widget_type=\"html.default\">\n\t\t\t\t<div class=\"elementor-widget-container\">\n\t\t\t\t\t<!-- Cinta de indicadores Espa\u00f1a -->\r\n<script src=\"https:\/\/s3.tradingview.com\/external-embedding\/embed-widget-ticker-tape.js\">{\r\n  \"symbols\": [\r\n    {\"proName\":\"FOREXCOM:EURUSD\",\"title\":\"EUR\/USD\"},\r\n    {\"proName\":\"INDEX:STOXX50E\",\"title\":\"Euro Stoxx 50\"},\r\n    {\"proName\":\"INDEX:IBEX\",\"title\":\"IBEX 35\"},\r\n    {\"proName\":\"TVC:EU10Y\",\"title\":\"Bono UE 10Y\"}\r\n  ],\r\n  \"colorTheme\":\"dark\",\r\n  \"isTransparent\":false,\r\n  \"displayMode\":\"adaptive\",\r\n  \"locale\":\"es\"\r\n}<\/script>\r\n\r\n<!-- Gr\u00e1fico EUR\/USD -->\r\n<div class=\"tradingview-widget-container\">\r\n  <div id=\"tradingview_eurusd\"><\/div>\r\n  <script src=\"https:\/\/s3.tradingview.com\/tv.js\"><\/script>\r\n  <script>\r\n    new TradingView.widget({\r\n      \"container_id\": \"tradingview_eurusd\",\r\n      \"width\": \"100%\",\r\n      \"height\": 480,\r\n      \"symbol\": \"FOREXCOM:EURUSD\",   \/\/ Euro \/ D\u00f3lar\r\n      \"interval\": \"D\",\r\n      \"timezone\": \"Europe\/Madrid\",\r\n      \"theme\": \"dark\",\r\n      \"style\": \"1\",\r\n      \"locale\": \"es\",\r\n      \"withdateranges\": true\r\n    });\r\n  <\/script>\r\n<\/div>\r\n\t\t\t\t<\/div>\n\t\t\t\t<\/div>\n\t\t\t\t<div class=\"elementor-element elementor-element-a92182f elementor-widget elementor-widget-text-editor\" data-id=\"a92182f\" data-element_type=\"widget\" data-widget_type=\"text-editor.default\">\n\t\t\t\t<div class=\"elementor-widget-container\">\n\t\t\t\t\t\t\t\t\t<p style=\"text-align: center;\">Datos provistos por TradingView. Los gr\u00e1ficos reflejan en tiempo real la evoluci\u00f3n de los mercados espa\u00f1oles y de la econom\u00eda nacional.<\/p>\t\t\t\t\t\t\t\t<\/div>\n\t\t\t\t<\/div>\n\t\t\t\t\t<\/div>\n\t\t\t\t<\/div>\n\t\t<div class=\"elementor-element elementor-element-2c586ea e-flex e-con-boxed e-con e-parent\" data-id=\"2c586ea\" data-element_type=\"container\">\n\t\t\t\t\t<div class=\"e-con-inner\">\n\t\t\t\t<div class=\"elementor-element elementor-element-13da4c7 elementor-widget elementor-widget-html\" data-id=\"13da4c7\" data-element_type=\"widget\" data-widget_type=\"html.default\">\n\t\t\t\t<div class=\"elementor-widget-container\">\n\t\t\t\t\t<iframe src=\"https:\/\/www.google.com\/maps\/embed?pb=!1m18!1m12!1m3!1d2917.0353968401078!2d-3.688916899999999!3d40.461678!2m3!1f0!2f0!3f0!3m2!1i1024!2i768!4f13.1!3m3!1m2!1s0xd4229cd8b63d333%3A0x7abee1f9ba45589a!2sEspacioSuz!5e1!3m2!1ses-419!2ses!4v1762135854278!5m2!1ses-419!2ses\" width=\"600\" height=\"450\" style=\"border:0;\" allowfullscreen=\"\" loading=\"lazy\" referrerpolicy=\"no-referrer-when-downgrade\"><\/iframe>\t\t\t\t<\/div>\n\t\t\t\t<\/div>\n\t\t\t\t\t<\/div>\n\t\t\t\t<\/div>\n\t\t<div class=\"elementor-element elementor-element-3d59877 e-grid e-con-full elementor-hidden-mobile e-con e-parent\" data-id=\"3d59877\" data-element_type=\"container\">\n\t\t\t\t<div class=\"elementor-element elementor-element-0c16a1b elementor-widget elementor-widget-image\" data-id=\"0c16a1b\" data-element_type=\"widget\" data-widget_type=\"image.default\">\n\t\t\t\t<div class=\"elementor-widget-container\">\n\t\t\t\t\t\t\t\t\t\t\t\t\t\t\t<img fetchpriority=\"high\" decoding=\"async\" width=\"360\" height=\"603\" src=\"https:\/\/espaciosuz.com\/wp-content\/uploads\/2025\/09\/cut_1.png\" class=\"attachment-large size-large wp-image-2671\" alt=\"\" srcset=\"https:\/\/espaciosuz.com\/wp-content\/uploads\/2025\/09\/cut_1.png 360w, https:\/\/espaciosuz.com\/wp-content\/uploads\/2025\/09\/cut_1-179x300.png 179w\" sizes=\"(max-width: 360px) 100vw, 360px\" \/>\t\t\t\t\t\t\t\t\t\t\t\t\t\t\t<\/div>\n\t\t\t\t<\/div>\n\t\t\t\t<div class=\"elementor-element elementor-element-7842c09 elementor-widget elementor-widget-image\" data-id=\"7842c09\" data-element_type=\"widget\" data-widget_type=\"image.default\">\n\t\t\t\t<div class=\"elementor-widget-container\">\n\t\t\t\t\t\t\t\t\t\t\t\t\t\t\t<img decoding=\"async\" width=\"360\" height=\"603\" src=\"https:\/\/espaciosuz.com\/wp-content\/uploads\/2025\/09\/cut_2.png\" class=\"attachment-large size-large wp-image-2672\" alt=\"\" srcset=\"https:\/\/espaciosuz.com\/wp-content\/uploads\/2025\/09\/cut_2.png 360w, https:\/\/espaciosuz.com\/wp-content\/uploads\/2025\/09\/cut_2-179x300.png 179w\" sizes=\"(max-width: 360px) 100vw, 360px\" \/>\t\t\t\t\t\t\t\t\t\t\t\t\t\t\t<\/div>\n\t\t\t\t<\/div>\n\t\t\t\t<div class=\"elementor-element elementor-element-836819e elementor-widget elementor-widget-image\" data-id=\"836819e\" data-element_type=\"widget\" data-widget_type=\"image.default\">\n\t\t\t\t<div class=\"elementor-widget-container\">\n\t\t\t\t\t\t\t\t\t\t\t\t\t\t\t<img decoding=\"async\" width=\"360\" height=\"603\" src=\"https:\/\/espaciosuz.com\/wp-content\/uploads\/2025\/09\/cut_3.png\" class=\"attachment-large size-large wp-image-2673\" alt=\"\" srcset=\"https:\/\/espaciosuz.com\/wp-content\/uploads\/2025\/09\/cut_3.png 360w, https:\/\/espaciosuz.com\/wp-content\/uploads\/2025\/09\/cut_3-179x300.png 179w\" sizes=\"(max-width: 360px) 100vw, 360px\" \/>\t\t\t\t\t\t\t\t\t\t\t\t\t\t\t<\/div>\n\t\t\t\t<\/div>\n\t\t\t\t<div class=\"elementor-element elementor-element-385fa98 elementor-widget elementor-widget-image\" data-id=\"385fa98\" data-element_type=\"widget\" data-widget_type=\"image.default\">\n\t\t\t\t<div class=\"elementor-widget-container\">\n\t\t\t\t\t\t\t\t\t\t\t\t\t\t\t<img loading=\"lazy\" decoding=\"async\" width=\"360\" height=\"603\" src=\"https:\/\/espaciosuz.com\/wp-content\/uploads\/2025\/09\/cut_4.png\" class=\"attachment-large size-large wp-image-2674\" alt=\"\" srcset=\"https:\/\/espaciosuz.com\/wp-content\/uploads\/2025\/09\/cut_4.png 360w, https:\/\/espaciosuz.com\/wp-content\/uploads\/2025\/09\/cut_4-179x300.png 179w\" sizes=\"(max-width: 360px) 100vw, 360px\" \/>\t\t\t\t\t\t\t\t\t\t\t\t\t\t\t<\/div>\n\t\t\t\t<\/div>\n\t\t\t\t<div class=\"elementor-element elementor-element-ad21e82 elementor-widget elementor-widget-image\" data-id=\"ad21e82\" data-element_type=\"widget\" data-widget_type=\"image.default\">\n\t\t\t\t<div class=\"elementor-widget-container\">\n\t\t\t\t\t\t\t\t\t\t\t\t\t\t\t<img loading=\"lazy\" decoding=\"async\" width=\"360\" height=\"603\" src=\"https:\/\/espaciosuz.com\/wp-content\/uploads\/2025\/09\/cut_5.png\" class=\"attachment-large size-large wp-image-2675\" alt=\"\" srcset=\"https:\/\/espaciosuz.com\/wp-content\/uploads\/2025\/09\/cut_5.png 360w, https:\/\/espaciosuz.com\/wp-content\/uploads\/2025\/09\/cut_5-179x300.png 179w\" sizes=\"(max-width: 360px) 100vw, 360px\" \/>\t\t\t\t\t\t\t\t\t\t\t\t\t\t\t<\/div>\n\t\t\t\t<\/div>\n\t\t\t\t<\/div>\n\t\t\t\t<\/div>\n\t\t","protected":false},"excerpt":{"rendered":"<p>Nosotros \u00a0 Misi\u00f3n En EspacioSuz, nuestra misi\u00f3n es generar valor sostenible mediante inversiones estrat\u00e9gicas y la gesti\u00f3n profesional de activos en sectores clave como inmobiliario, financiero, tecnol\u00f3gico, transporte y log\u00edstica. Acompa\u00f1amos a nuestros clientes e inversores en cada etapa, ofreciendo soluciones confiables, rentables y adaptadas a sus objetivos, siempre con un compromiso de transparencia, excelencia [&hellip;]<\/p>\n","protected":false},"author":2,"featured_media":0,"parent":0,"menu_order":0,"comment_status":"closed","ping_status":"closed","template":"","meta":{"footnotes":""},"class_list":["post-32","page","type-page","status-publish","hentry"],"_links":{"self":[{"href":"https:\/\/espaciosuz.com\/index.php\/wp-json\/wp\/v2\/pages\/32","targetHints":{"allow":["GET"]}}],"collection":[{"href":"https:\/\/espaciosuz.com\/index.php\/wp-json\/wp\/v2\/pages"}],"about":[{"href":"https:\/\/espaciosuz.com\/index.php\/wp-json\/wp\/v2\/types\/page"}],"author":[{"embeddable":true,"href":"https:\/\/espaciosuz.com\/index.php\/wp-json\/wp\/v2\/users\/2"}],"replies":[{"embeddable":true,"href":"https:\/\/espaciosuz.com\/index.php\/wp-json\/wp\/v2\/comments?post=32"}],"version-history":[{"count":134,"href":"https:\/\/espaciosuz.com\/index.php\/wp-json\/wp\/v2\/pages\/32\/revisions"}],"predecessor-version":[{"id":2734,"href":"https:\/\/espaciosuz.com\/index.php\/wp-json\/wp\/v2\/pages\/32\/revisions\/2734"}],"wp:attachment":[{"href":"https:\/\/espaciosuz.com\/index.php\/wp-json\/wp\/v2\/media?parent=32"}],"curies":[{"name":"wp","href":"https:\/\/api.w.org\/{rel}","templated":true}]}}