{"id":2309,"date":"2025-05-12T17:20:38","date_gmt":"2025-05-12T15:20:38","guid":{"rendered":"http:\/\/espaciosuz.com\/?page_id=2309"},"modified":"2025-09-10T00:15:57","modified_gmt":"2025-09-09T22:15:57","slug":"politica-de-privacidad-y-cookies","status":"publish","type":"page","link":"https:\/\/espaciosuz.com\/index.php\/politica-de-privacidad-y-cookies\/","title":{"rendered":"POLITICA DE PRIVACIDAD Y COOKIES"},"content":{"rendered":"\t\t<div data-elementor-type=\"wp-page\" data-elementor-id=\"2309\" class=\"elementor elementor-2309\" data-elementor-post-type=\"page\">\n\t\t\t\t<div class=\"elementor-element elementor-element-2a4a441 e-flex e-con-boxed e-con e-parent\" data-id=\"2a4a441\" data-element_type=\"container\">\n\t\t\t\t\t<div class=\"e-con-inner\">\n\t\t\t\t<div class=\"elementor-element elementor-element-413cb1c elementor-widget elementor-widget-text-editor\" data-id=\"413cb1c\" data-element_type=\"widget\" data-widget_type=\"text-editor.default\">\n\t\t\t\t<div class=\"elementor-widget-container\">\n\t\t\t\t\t\t\t\t\t<h4><strong>Pol\u00edtica de privacidad y cookies<\/strong><\/h4>\t\t\t\t\t\t\t\t<\/div>\n\t\t\t\t<\/div>\n\t\t\t\t\t<\/div>\n\t\t\t\t<\/div>\n\t\t<div class=\"elementor-element elementor-element-0ac1347 e-flex e-con-boxed e-con e-parent\" data-id=\"0ac1347\" data-element_type=\"container\">\n\t\t\t\t\t<div class=\"e-con-inner\">\n\t\t\t\t<div class=\"elementor-element elementor-element-feb6a50 elementor-widget elementor-widget-text-editor\" data-id=\"feb6a50\" data-element_type=\"widget\" data-widget_type=\"text-editor.default\">\n\t\t\t\t<div class=\"elementor-widget-container\">\n\t\t\t\t\t\t\t\t\t<h3 data-start=\"390\" data-end=\"424\">1. Responsable del Tratamiento<\/h3>\n<ul data-start=\"426\" data-end=\"662\">\n<li data-start=\"426\" data-end=\"471\">\n<p data-start=\"428\" data-end=\"471\"><strong data-start=\"428\" data-end=\"440\">Titular:<\/strong> EspacioSuz<\/p>\n<\/li>\n<li data-start=\"533\" data-end=\"580\">\n<p data-start=\"535\" data-end=\"580\"><strong data-start=\"535\" data-end=\"558\">Correo electr\u00f3nico:<\/strong>&nbsp;<a style=\"background-color: rgb(255, 255, 255);\" rel=\"noopener\" data-start=\"810\" data-end=\"829\">dl_legal@espaciosuz.com<\/a><\/p>\n<\/li>\n<li data-start=\"581\" data-end=\"662\">\n<p data-start=\"583\" data-end=\"662\"><strong data-start=\"583\" data-end=\"597\">Sitio web:<\/strong> <a href=\"https:\/\/espaciosuz.com\" target=\"_new\" rel=\"noopener\" data-start=\"598\" data-end=\"662\">https:\/\/espaciosuz.com<\/a><\/p>\n<\/li>\n<\/ul>\n<hr data-start=\"664\" data-end=\"667\">\n<h3 data-start=\"669\" data-end=\"720\">2. Principios Aplicados al Tratamiento de Datos<\/h3>\n<p data-start=\"722\" data-end=\"933\">EspacioSuz tratar\u00e1 los datos personales conforme a los principios de licitud, lealtad, transparencia, minimizaci\u00f3n de datos, limitaci\u00f3n del plazo de conservaci\u00f3n, integridad y confidencialidad.<\/p>\n<hr data-start=\"935\" data-end=\"938\">\n<h3 data-start=\"940\" data-end=\"968\">3. Datos que Recopilamos<\/h3>\n<p data-start=\"970\" data-end=\"1181\">EspacioSuz puede recopilar y tratar datos personales proporcionados a trav\u00e9s de formularios, formularios de contacto, suscripciones, comentarios, as\u00ed como informaci\u00f3n t\u00e9cnica y de navegaci\u00f3n a trav\u00e9s de cookies.<\/p>\n<hr data-start=\"1183\" data-end=\"1186\">\n<h3 data-start=\"1188\" data-end=\"1220\">4. Finalidad del Tratamiento<\/h3>\n<p data-start=\"1222\" data-end=\"1284\">Los datos personales recogidos ser\u00e1n utilizados con el fin de:<\/p>\n<ul data-start=\"1286\" data-end=\"1466\">\n<li data-start=\"1286\" data-end=\"1319\">\n<p data-start=\"1288\" data-end=\"1319\">Atender solicitudes y consultas<\/p>\n<\/li>\n<li data-start=\"1320\" data-end=\"1400\">\n<p data-start=\"1322\" data-end=\"1400\">Enviar comunicaciones informativas y\/o comerciales (cuando se haya autorizado)<\/p>\n<\/li>\n<li data-start=\"1401\" data-end=\"1466\">\n<p data-start=\"1403\" data-end=\"1466\">Mejorar el sitio web y analizar el comportamiento de navegaci\u00f3n<\/p>\n<\/li>\n<\/ul>\n<hr data-start=\"1468\" data-end=\"1471\">\n<h3 data-start=\"1473\" data-end=\"1492\">5. Legitimaci\u00f3n<\/h3>\n<p data-start=\"1494\" data-end=\"1565\">La base legal para el tratamiento de datos personales se fundamenta en:<\/p>\n<ul data-start=\"1567\" data-end=\"1698\">\n<li data-start=\"1567\" data-end=\"1608\">\n<p data-start=\"1569\" data-end=\"1608\">El consentimiento expl\u00edcito del usuario<\/p>\n<\/li>\n<li data-start=\"1609\" data-end=\"1648\">\n<p data-start=\"1611\" data-end=\"1648\">La ejecuci\u00f3n de servicios solicitados<\/p>\n<\/li>\n<li data-start=\"1649\" data-end=\"1698\">\n<p data-start=\"1651\" data-end=\"1698\">Obligaciones legales o contractuales aplicables<\/p>\n<\/li>\n<\/ul>\n<hr data-start=\"1700\" data-end=\"1703\">\n<h3 data-start=\"1705\" data-end=\"1737\">6. Conservaci\u00f3n de los Datos<\/h3>\n<p data-start=\"1739\" data-end=\"1919\">Los datos ser\u00e1n conservados \u00fanicamente durante el tiempo necesario para cumplir con la finalidad para la que fueron recabados, o mientras exista una relaci\u00f3n activa con el usuario.<\/p>\n<hr data-start=\"1921\" data-end=\"1924\">\n<h3 data-start=\"1926\" data-end=\"1957\">7. Derechos de los Usuarios<\/h3>\n<p data-start=\"1959\" data-end=\"2186\">Los usuarios pueden ejercer los derechos de acceso, rectificaci\u00f3n, cancelaci\u00f3n, oposici\u00f3n, limitaci\u00f3n del tratamiento y portabilidad de datos, escribiendo a dl_legal<a style=\"background-color: #ffffff; color: #7a7a7a;\" rel=\"noopener\" data-start=\"810\" data-end=\"829\">@espaciosuz.com<\/a>&nbsp;y adjuntando un documento de identidad v\u00e1lido.<\/p>\n<hr data-start=\"2188\" data-end=\"2191\">\n<h3 data-start=\"2193\" data-end=\"2222\">8. Seguridad de los Datos<\/h3>\n<p data-start=\"2224\" data-end=\"2391\">EspacioSuz aplica las medidas t\u00e9cnicas y organizativas adecuadas para garantizar la seguridad, confidencialidad e integridad de los datos personales.<\/p>\n<hr data-start=\"2393\" data-end=\"2396\">\n<h3 data-start=\"2398\" data-end=\"2424\">9. Pol\u00edtica de Cookies<\/h3>\n<p data-start=\"2426\" data-end=\"2641\">Este sitio utiliza cookies propias y de terceros para mejorar la experiencia del usuario y analizar la navegaci\u00f3n. El usuario puede gestionar sus preferencias desde el aviso inicial o la configuraci\u00f3n del navegador.<\/p>\n<h4 data-start=\"2643\" data-end=\"2676\">Tipos de cookies utilizadas:<\/h4>\n<ul data-start=\"2677\" data-end=\"2869\">\n<li data-start=\"2677\" data-end=\"2740\">\n<p data-start=\"2679\" data-end=\"2740\"><strong data-start=\"2679\" data-end=\"2694\">Esenciales:<\/strong> necesarias para el funcionamiento del sitio<\/p>\n<\/li>\n<li data-start=\"2741\" data-end=\"2801\">\n<p data-start=\"2743\" data-end=\"2801\"><strong data-start=\"2743\" data-end=\"2758\">Anal\u00edticas:<\/strong> recogen datos estad\u00edsticos de navegaci\u00f3n<\/p>\n<\/li>\n<li data-start=\"2802\" data-end=\"2869\">\n<p data-start=\"2804\" data-end=\"2869\"><strong data-start=\"2804\" data-end=\"2822\">Publicitarias:<\/strong> muestran contenido y anuncios personalizados<\/p>\n<\/li>\n<\/ul>\n<p data-start=\"2871\" data-end=\"2970\">El usuario puede aceptar, rechazar o configurar las cookies desde la herramienta de consentimiento.<\/p>\n<hr data-start=\"2972\" data-end=\"2975\">\n<h3 data-start=\"2977\" data-end=\"3024\">10. Jurisdicci\u00f3n y Resoluci\u00f3n de Conflictos<\/h3>\n<p data-start=\"3026\" data-end=\"3246\">Ante cualquier controversia relacionada con el tratamiento de datos personales o el uso del sitio web, las partes se someter\u00e1n a las autoridades competentes conforme a la normativa vigente y aplicable en su jurisdicci\u00f3n.<\/p>\t\t\t\t\t\t\t\t<\/div>\n\t\t\t\t<\/div>\n\t\t\t\t\t<\/div>\n\t\t\t\t<\/div>\n\t\t\t\t<\/div>\n\t\t","protected":false},"excerpt":{"rendered":"<p>Pol\u00edtica de privacidad y cookies 1. Responsable del Tratamiento Titular: EspacioSuz Correo electr\u00f3nico:&nbsp;dl_legal@espaciosuz.com Sitio web: https:\/\/espaciosuz.com 2. Principios Aplicados al Tratamiento de Datos EspacioSuz tratar\u00e1 los datos personales conforme a los principios de licitud, lealtad, transparencia, minimizaci\u00f3n de datos, limitaci\u00f3n del plazo de conservaci\u00f3n, integridad y confidencialidad. 3. Datos que Recopilamos EspacioSuz puede recopilar y [&hellip;]<\/p>\n","protected":false},"author":2,"featured_media":0,"parent":0,"menu_order":0,"comment_status":"closed","ping_status":"closed","template":"","meta":{"footnotes":""},"class_list":["post-2309","page","type-page","status-publish","hentry"],"_links":{"self":[{"href":"https:\/\/espaciosuz.com\/index.php\/wp-json\/wp\/v2\/pages\/2309","targetHints":{"allow":["GET"]}}],"collection":[{"href":"https:\/\/espaciosuz.com\/index.php\/wp-json\/wp\/v2\/pages"}],"about":[{"href":"https:\/\/espaciosuz.com\/index.php\/wp-json\/wp\/v2\/types\/page"}],"author":[{"embeddable":true,"href":"https:\/\/espaciosuz.com\/index.php\/wp-json\/wp\/v2\/users\/2"}],"replies":[{"embeddable":true,"href":"https:\/\/espaciosuz.com\/index.php\/wp-json\/wp\/v2\/comments?post=2309"}],"version-history":[{"count":22,"href":"https:\/\/espaciosuz.com\/index.php\/wp-json\/wp\/v2\/pages\/2309\/revisions"}],"predecessor-version":[{"id":2565,"href":"https:\/\/espaciosuz.com\/index.php\/wp-json\/wp\/v2\/pages\/2309\/revisions\/2565"}],"wp:attachment":[{"href":"https:\/\/espaciosuz.com\/index.php\/wp-json\/wp\/v2\/media?parent=2309"}],"curies":[{"name":"wp","href":"https:\/\/api.w.org\/{rel}","templated":true}]}}